{"id":277,"date":"2021-09-11T11:16:28","date_gmt":"2021-09-11T11:16:28","guid":{"rendered":"https:\/\/isabella.hr\/?page_id=277"},"modified":"2026-01-28T08:31:58","modified_gmt":"2026-01-28T08:31:58","slug":"ueber-uns","status":"publish","type":"page","link":"https:\/\/isabella.hr\/de\/ueber-uns\/","title":{"rendered":"austattung"},"content":{"rendered":"<h2 data-start=\"138\" data-end=\"162\">\ud83c\udfe1 Residence Isabella<\/h2>\n<p data-start=\"164\" data-end=\"371\"><strong data-start=\"164\" data-end=\"186\">Residence Isabella<\/strong> bietet eine perfekte Kombination aus Komfort und Privatsph\u00e4re mit <strong data-start=\"253\" data-end=\"278\">drei modernen H\u00e4usern<\/strong> und einem <strong data-start=\"289\" data-end=\"327\">gemeinschaftlich genutzten Geb\u00e4ude<\/strong> \u2013 ideal f\u00fcr Familien, Gruppen und Retreats.<\/p>\n<hr data-start=\"373\" data-end=\"376\" \/>\n<h2 data-start=\"378\" data-end=\"393\">\u2728 Die H\u00e4user<\/h2>\n<p data-start=\"395\" data-end=\"486\">Alle <strong data-start=\"400\" data-end=\"415\">drei H\u00e4user<\/strong> sind identisch ausgestattet und verf\u00fcgen \u00fcber folgende Raumaufteilung:<\/p>\n<h3 data-start=\"488\" data-end=\"506\">\ud83d\udd39 Erdgeschoss<\/h3>\n<ul data-start=\"507\" data-end=\"796\">\n<li data-start=\"507\" data-end=\"567\">\n<p data-start=\"509\" data-end=\"567\">Gem\u00fctlicher Wohnraum mit TV \ud83d\udcfa und elektrischem Kamin \ud83d\udd25<\/p>\n<\/li>\n<li data-start=\"568\" data-end=\"670\">\n<p data-start=\"570\" data-end=\"670\">Voll ausgestattete K\u00fcche \ud83c\udf73 (Backofen, Mikrowelle, Wasserkocher, Kaffeemaschine \u2615, Geschirrsp\u00fcler)<\/p>\n<\/li>\n<li data-start=\"671\" data-end=\"690\">\n<p data-start=\"673\" data-end=\"690\">Separates WC \ud83d\udebb<\/p>\n<\/li>\n<li data-start=\"691\" data-end=\"796\">\n<p data-start=\"693\" data-end=\"796\">Barrierefreies Schlafzimmer \u267f mit eigenem Bad (WC, Dusche \ud83d\udebf, F\u00f6hn, Handtuchtrockner) und Terrasse \ud83c\udf3f<\/p>\n<\/li>\n<\/ul>\n<h3 data-start=\"798\" data-end=\"817\">\ud83d\udd39 Obergeschoss<\/h3>\n<ul data-start=\"818\" data-end=\"1008\">\n<li data-start=\"818\" data-end=\"911\">\n<p data-start=\"820\" data-end=\"911\">Schlafzimmer mit eigenem Bad (WC, Dusche \ud83d\udebf, Bidet, F\u00f6hn, Handtuchtrockner) und Balkon \ud83c\udf04<\/p>\n<\/li>\n<li data-start=\"912\" data-end=\"1008\">\n<p data-start=\"914\" data-end=\"1008\">Schlafzimmer mit eigenem Bad (WC, Badewanne \ud83d\udec1, Bidet, F\u00f6hn, Handtuchtrockner) und Balkon \ud83c\udf04<\/p>\n<\/li>\n<\/ul>\n<p data-start=\"1010\" data-end=\"1165\">\ud83d\udecf\ufe0f Alle Betten haben die Ma\u00dfe <strong data-start=\"1041\" data-end=\"1057\">200 \u00d7 200 cm<\/strong> und k\u00f6nnen auch als <strong data-start=\"1078\" data-end=\"1094\">Einzelbetten<\/strong> genutzt werden.<br data-start=\"1110\" data-end=\"1113\" \/>\ud83d\udcfa Jedes Schlafzimmer ist mit einem TV ausgestattet.<\/p>\n<hr data-start=\"1167\" data-end=\"1170\" \/>\n<h2 data-start=\"1172\" data-end=\"1198\">\ud83c\udfe2 Gemeinschaftsgeb\u00e4ude<\/h2>\n<p data-start=\"1200\" data-end=\"1339\">Das Gemeinschaftsgeb\u00e4ude ist vollst\u00e4ndig \u00fcber <strong data-start=\"1246\" data-end=\"1271\">Aufzug \ud83d\uded7 oder Treppe<\/strong> zug\u00e4nglich und ideal f\u00fcr Entspannung und gemeinsames Beisammensein.<\/p>\n<h3 data-start=\"1341\" data-end=\"1361\">\ud83d\udd38 Untergeschoss<\/h3>\n<ul data-start=\"1362\" data-end=\"1597\">\n<li data-start=\"1362\" data-end=\"1414\">\n<p data-start=\"1364\" data-end=\"1414\">Finnische Sauna \ud83d\udd25 und barrierefreie Bio-Sauna \u267f<\/p>\n<\/li>\n<li data-start=\"1415\" data-end=\"1464\">\n<p data-start=\"1417\" data-end=\"1464\">Dusche \ud83d\udebf, Ruheraum \ud83e\uddd8 und kleine Terrasse \ud83c\udf3f<\/p>\n<\/li>\n<li data-start=\"1465\" data-end=\"1494\">\n<p data-start=\"1467\" data-end=\"1494\">Massageraum \ud83d\udc86 mit Dusche<\/p>\n<\/li>\n<li data-start=\"1495\" data-end=\"1549\">\n<p data-start=\"1497\" data-end=\"1549\">Spielzimmer f\u00fcr Kinder \ud83e\uddf8 mit TV \ud83d\udcfa und Spielen \ud83c\udfb2<\/p>\n<\/li>\n<li data-start=\"1550\" data-end=\"1597\">\n<p data-start=\"1552\" data-end=\"1597\">Barrierefreies WC \u267f\ud83d\udebb sowie separates WC \ud83d\udebb<\/p>\n<\/li>\n<\/ul>\n<h3 data-start=\"1599\" data-end=\"1617\">\ud83d\udd38 Erdgeschoss<\/h3>\n<ul data-start=\"1618\" data-end=\"1772\">\n<li data-start=\"1618\" data-end=\"1729\">\n<p data-start=\"1620\" data-end=\"1729\">Gro\u00dfz\u00fcgiger Gemeinschaftsraum mit Sitzm\u00f6glichkeiten f\u00fcr bis zu <strong data-start=\"1683\" data-end=\"1698\">20 Personen<\/strong> \ud83d\udc65 und elektrischem Kamin \ud83d\udd25<\/p>\n<\/li>\n<li data-start=\"1730\" data-end=\"1772\">\n<p data-start=\"1732\" data-end=\"1772\">Voll ausgestattete K\u00fcche \ud83c\udf7d\ufe0f mit TV \ud83d\udcfa<\/p>\n<\/li>\n<\/ul>\n<h3 data-start=\"1774\" data-end=\"1793\">\ud83d\udd38 Obergeschoss<\/h3>\n<ul data-start=\"1794\" data-end=\"1813\">\n<li data-start=\"1794\" data-end=\"1813\">\n<p data-start=\"1796\" data-end=\"1813\">Fitnessraum \ud83c\udfcb\ufe0f<\/p>\n<\/li>\n<\/ul>\n<p>&nbsp;<\/p>\n<p>Klicken Sie auf das Bild, um den Grundriss zu sehen:<br \/>\n<a href=\"https:\/\/isabella.hr\/wp-content\/uploads\/ISABELLA-TLOCRT-KOMPLET-scaled.jpg\" data-lightbox=\"gallery-1\"><img loading=\"lazy\" decoding=\"async\" class=\"attachment-thumbnail size-thumbnail\" src=\"https:\/\/isabella.hr\/wp-content\/uploads\/ISABELLA-TLOCRT-KOMPLET-scaled.jpg\" alt=\"\" width=\"450\" height=\"318\" \/><\/a><\/p>\n<h2 data-start=\"1820\" data-end=\"1864\">\u2699\ufe0f Weitere Ausstattung &amp; Annehmlichkeiten<\/h2>\n<ul data-start=\"1866\" data-end=\"2292\">\n<li data-start=\"1866\" data-end=\"1929\">\n<p data-start=\"1868\" data-end=\"1929\"><strong data-start=\"1868\" data-end=\"1908\">Individuell regulierbare Klimaanlage<\/strong> in jedem Zimmer \u2744\ufe0f<\/p>\n<\/li>\n<li data-start=\"1930\" data-end=\"2011\">\n<p data-start=\"1932\" data-end=\"2011\"><strong data-start=\"1932\" data-end=\"1951\">Fu\u00dfbodenheizung<\/strong> in allen Erdgeschossen sowie im gesamten Untergeschoss \ud83d\udd25<\/p>\n<\/li>\n<li data-start=\"2012\" data-end=\"2041\">\n<p data-start=\"2014\" data-end=\"2041\"><strong data-start=\"2014\" data-end=\"2036\">Highspeed-Internet<\/strong> \ud83c\udf10<\/p>\n<\/li>\n<li data-start=\"2042\" data-end=\"2089\">\n<p data-start=\"2044\" data-end=\"2089\"><strong data-start=\"2044\" data-end=\"2067\">Beheizter Au\u00dfenpool<\/strong> (gegen Aufpreis) \ud83d\udca6<\/p>\n<\/li>\n<li data-start=\"2090\" data-end=\"2115\">\n<p data-start=\"2092\" data-end=\"2115\"><strong data-start=\"2092\" data-end=\"2108\">Kinderbecken<\/strong> \ud83d\udc76\ud83d\udca6<\/p>\n<\/li>\n<li data-start=\"2116\" data-end=\"2143\">\n<p data-start=\"2118\" data-end=\"2143\"><strong data-start=\"2118\" data-end=\"2138\">Kinderspielplatz<\/strong> \ud83d\udedd<\/p>\n<\/li>\n<li data-start=\"2144\" data-end=\"2167\">\n<p data-start=\"2146\" data-end=\"2167\"><strong data-start=\"2146\" data-end=\"2162\">Grillbereich<\/strong> \ud83c\udf56<\/p>\n<\/li>\n<li data-start=\"2168\" data-end=\"2205\">\n<p data-start=\"2170\" data-end=\"2205\"><strong data-start=\"2170\" data-end=\"2200\">Parkpl\u00e4tze f\u00fcr 8 Fahrzeuge<\/strong> \ud83d\ude97<\/p>\n<\/li>\n<li data-start=\"2206\" data-end=\"2250\">\n<p data-start=\"2208\" data-end=\"2250\"><strong data-start=\"2208\" data-end=\"2244\">Ladestation f\u00fcr Elektrofahrzeuge<\/strong> \ud83d\udd0c\u26a1<\/p>\n<\/li>\n<li data-start=\"2251\" data-end=\"2292\">\n<p data-start=\"2253\" data-end=\"2292\"><strong data-start=\"2253\" data-end=\"2273\">3 Waschmaschinen<\/strong> zur Verf\u00fcgung \ud83e\uddfa<\/p>\n<\/li>\n<\/ul>\n","protected":false},"excerpt":{"rendered":"<p>\ud83c\udfe1 Residence Isabella Residence Isabella bietet eine perfekte Kombination aus Komfort und Privatsph\u00e4re mit drei modernen H\u00e4usern und einem gemeinschaftlich genutzten Geb\u00e4ude \u2013 ideal f\u00fcr Familien,&#8230;<\/p>\n","protected":false},"author":1,"featured_media":0,"parent":0,"menu_order":3,"comment_status":"closed","ping_status":"closed","template":"page-about.php","meta":{"_acf_changed":false,"footnotes":""},"class_list":["post-277","page","type-page","status-publish","hentry"],"acf":[],"_links":{"self":[{"href":"https:\/\/isabella.hr\/de\/wp-json\/wp\/v2\/pages\/277","targetHints":{"allow":["GET"]}}],"collection":[{"href":"https:\/\/isabella.hr\/de\/wp-json\/wp\/v2\/pages"}],"about":[{"href":"https:\/\/isabella.hr\/de\/wp-json\/wp\/v2\/types\/page"}],"author":[{"embeddable":true,"href":"https:\/\/isabella.hr\/de\/wp-json\/wp\/v2\/users\/1"}],"replies":[{"embeddable":true,"href":"https:\/\/isabella.hr\/de\/wp-json\/wp\/v2\/comments?post=277"}],"version-history":[{"count":25,"href":"https:\/\/isabella.hr\/de\/wp-json\/wp\/v2\/pages\/277\/revisions"}],"predecessor-version":[{"id":10627,"href":"https:\/\/isabella.hr\/de\/wp-json\/wp\/v2\/pages\/277\/revisions\/10627"}],"wp:attachment":[{"href":"https:\/\/isabella.hr\/de\/wp-json\/wp\/v2\/media?parent=277"}],"curies":[{"name":"wp","href":"https:\/\/api.w.org\/{rel}","templated":true}]}}