{"id":309,"date":"2021-09-30T12:07:08","date_gmt":"2021-09-30T12:07:08","guid":{"rendered":"https:\/\/isabella.hr\/?page_id=309"},"modified":"2023-10-02T10:46:28","modified_gmt":"2023-10-02T10:46:28","slug":"lage","status":"publish","type":"page","link":"https:\/\/isabella.hr\/de\/lage\/","title":{"rendered":"lage"},"content":{"rendered":"<p>Die <em><strong>residence isabella<\/strong><\/em> befindet sich im bergigen K\u00fcstenhinterland im Ort Gri\u017eane mit wundersch\u00f6nem Panoramablick auf die Berge.<\/p>\n<p>Gri\u017eane ist ca. 5 km mit dem Auto vom Zentrum der Stadt Crikvenica entfernt. In Crikvenica finden Sie zahlreiche Einkaufsm\u00f6glichkeiten, Restaurants und Caf\u00e9s.<\/p>\n<p>Die moderne und trotzdem Atmosph\u00e4re unserer H\u00e4user ist ein ideales Ambiente f\u00fcr ihren Urlaub &#8211; im Sommer, aber auch in den k\u00fchleren Monaten. Auf 2500 m2 bieten die 3 H\u00e4user sowie das Gemeinschaftsobjekt und der 60m2 grosse beheizbare Pool, Platz f\u00fcr Momente der Ruhe und Entspannung, ebenso wie f\u00fcr gemeinsame Aktivit\u00e4ten und gesellige Stunden.<\/p>\n<p>&nbsp;<\/p>\n<p>Die Waldlandschaft des Vinodol-Tals erm\u00f6glicht Ihnen einen entspannten Urlaub abseits der belebten Str\u00e4nde, die Sie jedoch in k\u00fcrzester Zeit erreichen k\u00f6nnen. Auch sportliche Aktivit\u00e4ten wie Spazierengehen, Radfahren und Wandern kommen nicht zu kurz.<\/p>\n<p>&nbsp;<\/p>\n<p>Ein Spielplatz (au\u00dfen) und Spielraum (innen) f\u00fcr die Kinder ist ebenfalls vorhanden.<\/p>\n","protected":false},"excerpt":{"rendered":"<p>Die residence isabella befindet sich im bergigen K\u00fcstenhinterland im Ort Gri\u017eane mit wundersch\u00f6nem Panoramablick auf die Berge. Gri\u017eane ist ca. 5 km mit dem Auto vom&#8230;<\/p>\n","protected":false},"author":1,"featured_media":0,"parent":0,"menu_order":13,"comment_status":"closed","ping_status":"closed","template":"page-location.php","meta":{"_acf_changed":false,"footnotes":""},"class_list":["post-309","page","type-page","status-publish","hentry"],"acf":[],"_links":{"self":[{"href":"https:\/\/isabella.hr\/de\/wp-json\/wp\/v2\/pages\/309","targetHints":{"allow":["GET"]}}],"collection":[{"href":"https:\/\/isabella.hr\/de\/wp-json\/wp\/v2\/pages"}],"about":[{"href":"https:\/\/isabella.hr\/de\/wp-json\/wp\/v2\/types\/page"}],"author":[{"embeddable":true,"href":"https:\/\/isabella.hr\/de\/wp-json\/wp\/v2\/users\/1"}],"replies":[{"embeddable":true,"href":"https:\/\/isabella.hr\/de\/wp-json\/wp\/v2\/comments?post=309"}],"version-history":[{"count":10,"href":"https:\/\/isabella.hr\/de\/wp-json\/wp\/v2\/pages\/309\/revisions"}],"predecessor-version":[{"id":515,"href":"https:\/\/isabella.hr\/de\/wp-json\/wp\/v2\/pages\/309\/revisions\/515"}],"wp:attachment":[{"href":"https:\/\/isabella.hr\/de\/wp-json\/wp\/v2\/media?parent=309"}],"curies":[{"name":"wp","href":"https:\/\/api.w.org\/{rel}","templated":true}]}}